{"id":184,"date":"2015-01-20T00:39:49","date_gmt":"2015-01-20T00:39:49","guid":{"rendered":"http:\/\/pexetothemes.com\/demos\/story_demos\/business\/?page_id=7"},"modified":"2020-01-22T15:57:51","modified_gmt":"2020-01-22T21:57:51","slug":"workflow","status":"publish","type":"page","link":"http:\/\/www.fasst.mx\/site\/workflow\/","title":{"rendered":"Cursos y Capacitaci\u00f3n"},"content":{"rendered":"<div class=\"section-full-width section-dark\" style=\"background-color:#ffffff;\" id=\"fasst\"><div class=\"section-boxed\" style=\"color:#000;\"><h2 class=\"section-title\" style=\"color:#000;\">FASST<\/h2><\/p>\n<p style=\"text-align: justify;\"><span style=\"color: #000000;\">El nombre Focus Action Skill Strategy Tactics, hace referencia a algunos de los conceptos aplicados en esta metodolog\u00eda de combate enfocada a escenarios reales de violencia o conflicto, mismos que no se encuentran enmarcados por reglas, rounds, equipo protector, paridad de armas, ni por un solo atacante o agresor.<\/span><\/p>\n<p style=\"text-align: justify;\"><span style=\"color: #000000;\">En consecuencia, FASST es una metodolog\u00eda de combate enfocada a la PREVENCI\u00d3N, DISUASI\u00d3N Y REACCI\u00d3N PROACTIVA,\u00a0 que busca desactivar la amenaza presente de manera inmediata,\u00a0 utilizando todos los recursos disponibles para garantizar la seguridad personal y la de aquellos que nos interesan.<\/span><\/p>\n<p style=\"text-align: justify;\"><span style=\"color: #000000;\">En FASST aprender\u00e1s todas las herramientas mentales, emocionales, f\u00edsicas, t\u00e9cnicas y t\u00e1cticas para hacer frente a los peligros reales que se encuentran en la calle; amenazas, agresi\u00f3n verbal, intimidaciones, golpeo, pateo, sujeciones, estrangulaciones, ataques en grupo (m\u00faltiple), ataques con arma blanca, de fuego, palos y m\u00e1s\u2026.<\/span><\/p>\n<p><span style=\"color: #a10000;\"><strong>\u00bfPARA QUI\u00c9N ES FASST?<\/strong><\/span><\/p>\n<p style=\"text-align: justify;\"><span style=\"color: #000000;\">Para todos. Debido a que no todas las personas tenemos las mismas necesidades o posibilidades en el terreno f\u00edsico, legal, de portabilidad de armas, de vestimenta, etc, ni nos encontramos expuestos al mismo tipo de agresiones, FASST siempre adapta su metodolog\u00eda a los requerimientos particulares de cada poblaci\u00f3n o cliente, de esta forma te ofrecemos cursos ya estructurados para los siguientes grupos; Seguridad P\u00fablica, Seguridad Privada, Civiles, Women Solution, Antibullying, anti secuestro, cursos de prevenci\u00f3n del delito, seminarios de capacitaci\u00f3n especializada.<\/span><\/p>\n<p>\n<\/div><\/div>\n<div class=\"services-wrapper services-default cols-wrapper cols-3\"><div class=\"services-box col\"><div class=\"img-container\"><img src=\"http:\/\/www.fasst.mx\/site\/wp-content\/uploads\/2020\/01\/FB_IMG_1567783402692-368x245.jpg\" alt=\"Seguridad P\u00fablica\"\/><\/div><div class=\"services-content\"><div class=\"sc-wraper\"><h3>Seguridad P\u00fablica<\/h3><p>Cada agente de Seguridad P\u00fablica, sabe que se encuentra expuesto a m\u00e1s amenazas que la persona com\u00fan y si bien por el tipo de funciones, se cuenta con la oportunidad de contar con portabilidad de algunas armas, en veces \u00e9stas se pueden convertir m\u00e1s en desventaja que en ventaja.\r\n \r\nPara evitar este tipo de siuaciones, en FASST encontrar\u00e1 el TTS dise\u00f1ado de acuerdo a tus necesidades, as\u00ed como nuestra metodolog\u00eda de combate acoplada perfectamente a los peligros a los que te encuentras expuesto, perfilada por las posibilidades que te permiten tu ropa de trabajo, tu reglamento y portabilidad de armas de forma que siempre seas t\u00fa quien cuente con las ventajas. <\/p><\/div><\/div><\/div><div class=\"services-box col\"><div class=\"img-container\"><img src=\"http:\/\/www.fasst.mx\/site\/wp-content\/uploads\/2015\/11\/FB_IMG_1439220534409-368x245.jpg\" alt=\"TTS:Tactical Trainning System \"\/><\/div><div class=\"services-content\"><div class=\"sc-wraper\"><h3>TTS:Tactical Trainning System <\/h3><p>El mayor bien que poseemos, es nuestra integridad f\u00edsica y para protegerla, no solo es indispensable aprender a utilizar mi cuerpo y mi alrededor como un arma, sino DESARROLLAR en mi cuerpo fortalezas que se traduzcan en ventajas para la supervivencia ante un evento no deseado.\r\nAs\u00ed es que nace el TTS, Tactical Traininng System, sistema de entrenamiento para la preparaci\u00f3n F\u00cdSICA de aplicaci\u00f3n T\u00e1ctica y de Combate que consiste en la integraci\u00f3n de ejercicios, militares, de crossfit, funcionales, en suspensi\u00f3n, ondulatorios y de pesas rusas para desarrollar todas las habilidades f\u00edsicas aut\u00e9nticamente necesarias (fuerza, equilibrio, agilidad, resistencia, coordinaci\u00f3n, administraci\u00f3n del ox\u00edgeno, etc.) ante una situaci\u00f3n de conflicto real.  Entrenando de acuerdo a las capacidades y necesidades de cada persona en particular, previniendo lesiones y formando as\u00ed \u201catletas t\u00e1cticos\u201d previamente preparados para cualquier situaci\u00f3n que se les pueda presentar.<\/p><\/div><\/div><\/div><div class=\"services-box col nomargin\"><div class=\"img-container\"><img src=\"http:\/\/www.fasst.mx\/site\/wp-content\/uploads\/2020\/01\/Canva-Security-Logo-scaled-368x245.jpg\" alt=\"Seguridad Privada\"\/><\/div><div class=\"services-content\"><div class=\"sc-wraper\"><h3>Seguridad Privada<\/h3><p>Como agente de Seguridad Privada, se requiere de habilidades espec\u00edficas que puedan garantizar tu seguridad a la par de garantizar que realices el trabajo esperado. En FASST encontrar\u00e1s el TTS dise\u00f1ado de acuerdo a tus posibilidades personales y necesidades laborales, as\u00ed como nuetra metolog\u00eda de combate contemplando el equipo y armas que se te permite usar, tu uniforme, reglamento as\u00ed como los espacios y amenzas a las que te encuentras expuesto.<\/p><\/div><\/div><\/div><div class=\"clear\"><\/div><\/div>\n<div class=\"services-wrapper services-default cols-wrapper cols-3\"><div class=\"services-box col\"><div class=\"img-container\"><img src=\"http:\/\/www.fasst.mx\/site\/wp-content\/uploads\/2020\/01\/20200124_194140-scaled-368x245.jpg\" alt=\"Civiles\"\/><\/div><div class=\"services-content\"><div class=\"sc-wraper\"><h3>Civiles<\/h3><p>Como civil, \u00bftu y los tuyos se sienten seguros caminado o manejando por las calles? \u00bfSe sienten seguros en su casa y en los lugares que frecuentan? \u00bfSaben que hacer en las esferas conductual, mental y legal ante un evento no desado como una agresi\u00f3n callejera, accidente vial, robo, asalto o secuestro? \u00bfSabes que armas puedes utilizar de manera legal y como usarlas? \u00bfSabes utilizar tu cuerpo y objetos de uso com\u00fan como arma? Si respondiste \u00a8No\u00a8 a alguna de las prenguntas anteriores y quieres saber la respuesta, FASST es justo lo que necesitas.<\/p><\/div><\/div><\/div><div class=\"services-box col\"><div class=\"img-container\"><img src=\"http:\/\/www.fasst.mx\/site\/wp-content\/uploads\/2019\/05\/fasst-women-368x245.jpg\" alt=\"Women Solution\"\/><\/div><div class=\"services-content\"><div class=\"sc-wraper\"><h3>Women Solution<\/h3><p>Si bien la poblaci\u00f3n femenina forma parte del grupo civil, las mujeres son una de las poblaciones m\u00e1s vulnerables a agresiones de todo tipo, por lo que en FASST nos interesa poner a tu alcance todas las herramientas y recursos necesarios a nivel f\u00edsico (TTS) y t\u00e1ctico (FASST) para garantizar tu integridad y seguridad, integrando tus capacidades y caracter\u00edsticas f\u00edsicas personales, as\u00ed como el outfit que sueles usar y los objetos que sueles traer contigo, aprendiendo a utilizarlos en tu favor para que se conviertan en ventajas en lugar desventajas ante cualquier agresi\u00f3n.<\/p><\/div><\/div><\/div><div class=\"services-box col nomargin\"><div class=\"img-container\"><img src=\"http:\/\/www.fasst.mx\/site\/wp-content\/uploads\/2020\/01\/20190119_104711-scaled-368x245.jpg\" alt=\"Antibullying\"\/><\/div><div class=\"services-content\"><div class=\"sc-wraper\"><h3>Antibullying<\/h3><p>\u00bfQuien no se preocupa por los ni\u00f1os? \u00bfPor sus hijos e hijas? Nuestros hijos se encuentran constantemente expuestos a infindad de est\u00edmulos e influencias que no podemos controlar; maestros, vecinos, familiares y por \u00faltimo, otros ni\u00f1os que ni idea tenemos de qui\u00e9n los educ\u00f3 o de c\u00f3mo est\u00e1n siendo educados. \u00bfC\u00f3mo tener la certeza de que no est\u00e1n siendo agredidos?....\r\n\u2026Educ\u00e1ndolos. \r\nEn FASST los ni\u00f1os encontrar\u00e1n el TTS dise\u00f1ado espec\u00edficamente de acuerdo a sus capacidades y necesidades contemplando que sus cuerpos aun no han dejado de crecer y desarrollarse, por lo cual requieren cuidades y l\u00edmites espec\u00edficos. \r\nA la par, recibir\u00e1n nuestra metodolog\u00eda contemplada espec\u00edficamente para resolver las agresiones que pueden recibir en la escuela, desarrollando las habilidades mentales, emocionales, verbales, f\u00edsicas y conductuales necesarias antes que nada para prevenir y en dado caso reaccionar, sin provocar o generar m\u00e1s problemas de los que resuelvan.<\/p><\/div><\/div><\/div><div class=\"clear\"><\/div><\/div>\n<div class=\"section-full-width section-dark\" style=\"background-color:#fff;\" id=\"seminariosdecapacitaci\u00f3nespecializada\"><div class=\"section-boxed\" style=\"color:#000;\"><h2 class=\"section-title\" style=\"color:#000;\">Seminarios de capacitaci\u00f3n especializada<\/h2><\/p>\n<p style=\"text-align: justify;\">Estos son seminarios espec\u00edficamente dise\u00f1ados para las necesidades de una poblaci\u00f3n en particular que no haya sido contemplada entre nuestros cursos previos. \u00bfFormas parte o tienes un grupo con necesidades en particular? Comun\u00edcate con nosotros para que uno de nuestros expertos realice un an\u00e1lisis de riesgos y de manera conjunta armemos un plan justo a la medida.<\/p>\n<p style=\"text-align: justify;\">\u00bfTienes curiosidad o necesidad NADA M\u00c1S de un tema en particular? Puedes contratar seminarios centrados en un solo tema, arma o habilidad espec\u00edfica como:<\/p>\n<ul>\n<li>T\u00e9cnicas avanzadas de sometimiento y control<\/li>\n<li>Retenci\u00f3n de arma<\/li>\n<li>Defensas contra amenazas de arma de fuego<\/li>\n<li>Defensa contra amenazas de arma larga<\/li>\n<li>Defensas contra objetos contundentes (palos, tubos, impacto)<\/li>\n<li>Utilizando un arma de impacto para prop\u00f3sitos defensivos<\/li>\n<li>T\u00e9cnicas de arresto y control mediante el uso racional de la fuerza (protocolo policial)<\/li>\n<li>Hombre armado VS Hombre desarmado<\/li>\n<li>Diferencias<\/li>\n<li>Controles<\/li>\n<li>L\u00edneas de pensamiento<\/li>\n<li>Tipos de soluciones (mental, reactiva)<\/li>\n<li>T\u00e9cnicas de control y conducci\u00f3n del agresor<\/li>\n<li>Desequilibrios<\/li>\n<li>Naturales<\/li>\n<li>Proyecciones<\/li>\n<li>Desarmes<\/li>\n<li>Arma de fuego<\/li>\n<li>Arma punzocortante<\/li>\n<li>Cuchillo<\/li>\n<li>Palo<\/li>\n<li>Desarmador, tijeras, etc.<\/li>\n<\/ul>\n<p>\n<\/div><\/div>\n","protected":false},"excerpt":{"rendered":"","protected":false},"author":1,"featured_media":0,"parent":0,"menu_order":0,"comment_status":"closed","ping_status":"closed","template":"template-full-custom.php","meta":{"_monsterinsights_skip_tracking":false,"_monsterinsights_sitenote_active":false,"_monsterinsights_sitenote_note":"","_monsterinsights_sitenote_category":0,"footnotes":""},"aioseo_notices":[],"_links":{"self":[{"href":"http:\/\/www.fasst.mx\/site\/wp-json\/wp\/v2\/pages\/184"}],"collection":[{"href":"http:\/\/www.fasst.mx\/site\/wp-json\/wp\/v2\/pages"}],"about":[{"href":"http:\/\/www.fasst.mx\/site\/wp-json\/wp\/v2\/types\/page"}],"author":[{"embeddable":true,"href":"http:\/\/www.fasst.mx\/site\/wp-json\/wp\/v2\/users\/1"}],"replies":[{"embeddable":true,"href":"http:\/\/www.fasst.mx\/site\/wp-json\/wp\/v2\/comments?post=184"}],"version-history":[{"count":33,"href":"http:\/\/www.fasst.mx\/site\/wp-json\/wp\/v2\/pages\/184\/revisions"}],"predecessor-version":[{"id":938,"href":"http:\/\/www.fasst.mx\/site\/wp-json\/wp\/v2\/pages\/184\/revisions\/938"}],"wp:attachment":[{"href":"http:\/\/www.fasst.mx\/site\/wp-json\/wp\/v2\/media?parent=184"}],"curies":[{"name":"wp","href":"https:\/\/api.w.org\/{rel}","templated":true}]}}