{"id":2,"date":"2019-05-21T16:13:36","date_gmt":"2019-05-21T22:13:36","guid":{"rendered":"http:\/\/www.fasst.mx\/site\/?page_id=2"},"modified":"2020-01-30T15:22:42","modified_gmt":"2020-01-30T21:22:42","slug":"about","status":"publish","type":"page","link":"http:\/\/www.fasst.mx\/site\/about\/","title":{"rendered":"\u00bfQUI\u00c9NES  SOMOS?"},"content":{"rendered":"<div id=\"pl-2\"  class=\"panel-layout\" ><div id=\"pg-2-0\"  class=\"panel-grid panel-no-style\" ><div id=\"pgc-2-0-0\"  class=\"panel-grid-cell\" ><div id=\"panel-2-0-0-0\" class=\"so-panel widget widget_sow-editor panel-first-child panel-last-child\" data-index=\"0\" ><div\n\t\t\t\n\t\t\tclass=\"so-widget-sow-editor so-widget-sow-editor-base\"\n\t\t\t\n\t\t>\n<div class=\"siteorigin-widget-tinymce textwidget\">\n\t<h4 style=\"text-align: center;\"><span style=\"color: #000000;\"><strong>Somos un equipo multidisciplinario de profesionales con m\u00e1s de 15 a\u00f1os de experiencia dise\u00f1ando soluciones integrales de seguridad para nuestros clientes, aplicando metodolog\u00edas certificadas y estrictos est\u00e1ndares internacionales, con una visi\u00f3n estrat\u00e9gica de negocios.<\/strong><\/span><br \/>\n<span style=\"color: #000000;\"><strong>Nuestros servicios se extienden a la seguridad empresarial, protecci\u00f3n ejecutiva y policial.<\/strong><\/span><br \/>\n<span style=\"color: #000000;\"><strong>Tenemos plena consciencia de la situaci\u00f3n que se ha dado en los \u00faltimos a\u00f1os y ofrecemos soluciones integrales para el beneficio de las personas e instituciones.<\/strong><\/span><\/h4>\n<\/div>\n<\/div><\/div><\/div><\/div><\/div>","protected":false},"excerpt":{"rendered":"<p>Somos un equipo multidisciplinario de profesionales con m\u00e1s de 15 a\u00f1os de experiencia dise\u00f1ando soluciones integrales de seguridad para nuestros [&hellip;]<\/p>\n","protected":false},"author":1,"featured_media":0,"parent":0,"menu_order":0,"comment_status":"open","ping_status":"closed","template":"","meta":{"_monsterinsights_skip_tracking":false,"_monsterinsights_sitenote_active":false,"_monsterinsights_sitenote_note":"","_monsterinsights_sitenote_category":0,"footnotes":""},"aioseo_notices":[],"_links":{"self":[{"href":"http:\/\/www.fasst.mx\/site\/wp-json\/wp\/v2\/pages\/2"}],"collection":[{"href":"http:\/\/www.fasst.mx\/site\/wp-json\/wp\/v2\/pages"}],"about":[{"href":"http:\/\/www.fasst.mx\/site\/wp-json\/wp\/v2\/types\/page"}],"author":[{"embeddable":true,"href":"http:\/\/www.fasst.mx\/site\/wp-json\/wp\/v2\/users\/1"}],"replies":[{"embeddable":true,"href":"http:\/\/www.fasst.mx\/site\/wp-json\/wp\/v2\/comments?post=2"}],"version-history":[{"count":5,"href":"http:\/\/www.fasst.mx\/site\/wp-json\/wp\/v2\/pages\/2\/revisions"}],"predecessor-version":[{"id":1171,"href":"http:\/\/www.fasst.mx\/site\/wp-json\/wp\/v2\/pages\/2\/revisions\/1171"}],"wp:attachment":[{"href":"http:\/\/www.fasst.mx\/site\/wp-json\/wp\/v2\/media?parent=2"}],"curies":[{"name":"wp","href":"https:\/\/api.w.org\/{rel}","templated":true}]}}