{"id":9,"date":"2015-01-20T00:40:10","date_gmt":"2015-01-20T06:40:10","guid":{"rendered":"http:\/\/pexetothemes.com\/demos\/story_demos\/business\/?page_id=9"},"modified":"2020-01-30T15:17:52","modified_gmt":"2020-01-30T21:17:52","slug":"services","status":"publish","type":"page","link":"http:\/\/www.fasst.mx\/site\/services\/","title":{"rendered":"Servicios"},"content":{"rendered":"<div class=\"services-wrapper services-icon cols-wrapper cols-3 pexeto-parallax\"><div class=\"services-box col\"><a href=\"#IS\"><div class=\"img-container\"><img src=\"http:\/\/www.fasst.mx\/site\/wp-content\/uploads\/2015\/05\/lupa-01-130x130.png\" alt=\"Investigation Services\"\/><\/div><\/a><div class=\"services-content\"><div class=\"sc-wraper\"><h3><a href=\"#IS\">Investigation Services<\/a><\/h3><p>Durante a\u00f1os, el nombre de FASST ha sido sin\u00f3nimo de servicios de investigaci\u00f3n basados en la recuperaci\u00f3n. \r\nInnovadores Servicios De Investigaci\u00f3n Internos Y Externos.\r\nOperaciones Encubiertas<\/p><\/div><\/div><\/div><div class=\"services-box col\"><a href=\"#\"><div class=\"img-container\"><img src=\"http:\/\/www.fasst.mx\/site\/wp-content\/uploads\/2015\/05\/candado-01-130x130.png\" alt=\"Security Risk Management\"\/><\/div><\/a><div class=\"services-content\"><div class=\"sc-wraper\"><h3><a href=\"#\">Security Risk Management<\/a><\/h3><p>Due Dilligence\r\nContabilidad Forense\r\nEntrevistas Profesionales<\/p><\/div><\/div><\/div><div class=\"services-box col nomargin\"><a href=\"#\"><div class=\"img-container\"><img src=\"http:\/\/www.fasst.mx\/site\/wp-content\/uploads\/2015\/05\/escudo-01-130x130.png\" alt=\"Protective Services\"\/><\/div><\/a><div class=\"services-content\"><div class=\"sc-wraper\"><h3><a href=\"#\">Protective Services<\/a><\/h3><p>Ya sea que usted necesite un servicio de vigilancia de seguridad por un breve per\u00edodo o como parte de un programa amplio a largo plazo, podemos garantizarle la aplicaci\u00f3n de procedimientos legales para recabar informaci\u00f3n precisa sobre un tema o situaci\u00f3n<\/p><\/div><\/div><\/div><div class=\"clear\"><\/div><\/div>\n<div class=\"section-full-width section-light2\" style=\"background-color:#fcfcfc;\" id=\"investigationservices\"><div class=\"section-boxed\" style=\"color:#777777;\"><h2 class=\"section-title\" style=\"color:#252525;\">Investigation Services<\/h2><\/p>\n<h5 style=\"text-align: center;\">Durante a\u00f1os, el nombre de FASST ha sido sin\u00f3nimo de servicios de investigaci\u00f3n basados en la recuperaci\u00f3n. Su fin es proporcionar soluciones confiables y escalables para responder a las necesidades nacionales e internacionales de su empresa desde vigilancias f\u00edsicas hasta investigaciones cibern\u00e9ticas de alta tecnolog\u00eda, que pueden responder a las necesidades de su empresa a nivel nacional.<\/h5>\n<div class=\"services-wrapper services-boxed-photo cols-wrapper cols-2\"><div class=\"services-box col\"><div class=\"img-container\"><img src=\"http:\/\/www.fasst.mx\/site\/wp-content\/uploads\/2020\/01\/fingerprint-2904774_1920.jpg\" alt=\"Innovadores Servicios De Investigaci\u00f3n Internos Y Externos\"\/><\/div><div class=\"services-content\"><div class=\"sc-wraper\"><h3>Innovadores Servicios De Investigaci\u00f3n Internos Y Externos<\/h3><p>FASST ha seguido trabajando para desarrollar y ofrecer innovadoras soluciones de investigaci\u00f3n que nos permiten proporcionarle a usted informaci\u00f3n fiable y precisa.\r\nSi le preocupan ciertos problemas en la esfera interna de los empleados (robos, operaciones fraudulentas como esquemas piramidales o PONZI u otras clases de actos de corrupci\u00f3n), o bien asuntos relativos a la esfera externa (como fraude por Internet, intervenciones electr\u00f3nicas il\u00edcitas, extorsiones o realizar background a empleados), FASST le ofrece su experiencia para obtener respuestas y con ello recuperar los bienes de la compa\u00f1\u00eda.<\/p><\/div><\/div><\/div><div class=\"services-box col nomargin\"><div class=\"img-container\"><img src=\"http:\/\/www.fasst.mx\/site\/wp-content\/uploads\/2019\/05\/agente-encubierto.jpg\" alt=\"Operaciones Encubiertas\"\/><\/div><div class=\"services-content\"><div class=\"sc-wraper\"><h3>Operaciones Encubiertas<\/h3><p>FASST ayuda a las empresas a proteger y recuperar sus bienes mediante el desarrollo y la implementaci\u00f3n de diversas operaciones encubiertas. Nuestros profesionales encubiertos, especialmente entrenados, trabajan con suma discreci\u00f3n para obtener informaci\u00f3n sobre los problemas que se suscitan en el lugar de trabajo. Una investigaci\u00f3n encubierta correctamente administrada revelar\u00e1 m\u00e1s informaci\u00f3n que la mayor\u00eda de los sistemas de seguridad o circuitos cerrados implementados. Los profesionales encubiertos de FASST lo ayudar\u00e1n a determinar si su empresa est\u00e1 expuesta al riesgo, que pueden abarcar desde robos hasta cuestiones de seguridad.\r\n\u2022Robos.\r\n\u2022Abuso de sustancias ilegales o controladas\r\n\u2022Violaciones de normas en el lugar de trabajo.\r\n\u2022Fraudes.\r\n\u2022Cuestiones vinculadas al cumplimiento de pol\u00edticas y procedimientos.\r\n\u2022Productividad en el trabajo.\r\n\u2022Situaciones relativas a la seguridad.\r\n\u2022Eventos corporativos en lugares p\u00fablicos.\r\n<\/p><\/div><\/div><\/div><div class=\"clear\"><\/div><\/div>\n<p>\n<\/div><\/div>\n<div class=\"services-wrapper services-fullbox cols-wrapper cols-3\" style=\"background-color:#262626;color:#ffffff;\"><div class=\"services-box col\"><div class=\"img-container\"><img src=\"http:\/\/www.fasst.mx\/site\/wp-content\/uploads\/2019\/05\/due-618x411.jpg\" alt=\"Due Dilligence\"\/><\/div><div class=\"services-content\"><div class=\"sc-wraper\"><h3>Due Dilligence<\/h3><p>Nuestros servicios de due dilligence se encuentran estrictamente relacionados con la actividad corporativa, ayuda a la Alta Direcci\u00f3n de las compa\u00f1\u00edas a la toma de decisiones de compliance y asesoramiento jur\u00eddico, suministr\u00e1ndoles informaci\u00f3n empresarial oportuna para la realizaci\u00f3n de fusiones y adquisiciones a nivel nacional, mediante el an\u00e1lisis de la informaci\u00f3n obtenida para obtener una opini\u00f3n objetiva, lo anterior puede servir como una herramienta de gesti\u00f3n de riesgos precisa, oportuna, procesable y confiable para tranquilidad de nuestros clientes. \r\n<ul>\r\n<li>Fusiones y adquisiciones.<\/li>\r\n<li>Empresas internacionales de capital mixto.<\/li>\r\n<li>Subsidiarias, agentes, corredores de bolsa.<\/li>\r\nClientes.<\/li>\r\n<li>Donaciones.<\/li>\r\n<li>Intereses de propiedad.<\/li>\r\n<li>Identificaci\u00f3n de red flags.<\/li>\r\n<li>Empresas Gubernamentales.<\/li>\r\n<li>Directorios.<\/li>\r\n<li>Capacidad crediticia.<\/li>\r\n<li>Juicios civiles y penales.<\/li>\r\n<li>Resoluciones judiciales.<\/li>\r\n<li>Personas pol\u00edticamente expuestas.<\/li>\r\n<li>Otorgamiento de licencias y certificaci\u00f3n.<\/li>\r\n<\/ul>\r\n<li>Background check\r\n<\/p><\/div><\/div><\/div><div class=\"services-box col services-no-image\"><div class=\"services-content\"><div class=\"sc-wraper\"><h3>Contabilidad Forense<\/h3><p>FASST posee la experiencia necesaria para desenmascarar e identificar claramente la \u201cruta del dinero\u201d de un fraude existente en su organizaci\u00f3n, y para indicar procedimientos que permitan evitar nuevos casos de fraude en el futuro. Nuestra red nacional de expertos en contabilidad forense puede determinar cada aspecto del movimiento de dinero para ayudarlo a \u201cseguir la ruta del dinero\u201d. Tambi\u00e9n contamos con especialistas entrenados en lugares estrat\u00e9gicos del mundo.\r\n<ul>\r\n<li>Averiguaci\u00f3n de la procedencia del dinero.<\/li>\r\n<li>Localizaci\u00f3n del dinero.<\/li>\r\n<li>Averiguaci\u00f3n del destino del dinero.<\/li>\r\n<li>Creaci\u00f3n de una pol\u00edtica antifraude y de un c\u00f3digo de conducta.<\/li>\r\n<li>Auditor\u00edas sorpresivas.<\/li>\r\n<li>Implementaci\u00f3n de l\u00edneas de denuncia.<\/li>\r\n<\/ul><\/p><\/div><\/div><\/div><div class=\"services-box col nomargin services-no-image\"><div class=\"services-content\"><div class=\"sc-wraper\"><h3>Entrevistas Profesionales<\/h3><p>A trav\u00e9s de los servicios de entrevistas profesionales de FASST, podremos ayudarlo a hallar la realidad al interrogar a las personas involucradas en una investigaci\u00f3n. Los clientes hallar\u00e1n la verdad r\u00e1pidamente y a descubrir los hechos con mayor precisi\u00f3n. \r\n<ul>\r\n<li>Distinguir la actividad individual de la grupal.<\/li>\r\n<li>Identificar a intelectuales y materiales.<\/li>\r\n<li>Revelar el alcance de una situaci\u00f3n.<\/li>\r\n<\/ul><\/p><\/div><\/div><\/div><div class=\"clear\"><\/div><\/div>\n<div class=\"section-full-width section-dark\" style=\"background-color:#D0D0D0;\" id=\"protectiveservices\"><div class=\"section-boxed\" style=\"color:#6E6E6E;\"><h2 class=\"section-title\" style=\"color:#6E6E6E;\">Protective Services<\/h2><h4 style=\"color:#6E6E6E;\" class=\"sub-title\">Vigilancia F\u00edsica<\/h4><p><strong>Para que la vigilancia sea totalmente efectiva, se necesita un equipo profesional con muchos a\u00f1os de experiencia, capaz de recabar informaci\u00f3n precisa sobre un tema o situaci\u00f3n. FASST puede ofrecer una gama de opciones de servicios de vigilancia. Ya sea que usted necesite un servicio de vigilancia de seguridad por un breve per\u00edodo o como parte de un programa amplio a largo plazo, podemos garantizarle la aplicaci\u00f3n de procedimientos legales para obtener informaci\u00f3n, sin que se descubra la operaci\u00f3n.<\/strong><\/p>\n<ul>\n<li><strong>Investigaciones simples o complejas.<\/strong><\/li>\n<li><strong>Procedimientos l\u00edcitos de audio y video vigilancia.<\/strong><\/li>\n<li><strong>Vigilancia de clientes o empleados.<\/strong><\/li>\n<li><strong>Uno o varios sujetos involucrados.<\/strong><\/li>\n<li><strong>Uno o varios lugares.<\/strong><\/li>\n<\/ul>\n<p>\n<\/div><\/div>\n","protected":false},"excerpt":{"rendered":"","protected":false},"author":1,"featured_media":0,"parent":0,"menu_order":0,"comment_status":"closed","ping_status":"closed","template":"template-full-custom.php","meta":{"_monsterinsights_skip_tracking":false,"_monsterinsights_sitenote_active":false,"_monsterinsights_sitenote_note":"","_monsterinsights_sitenote_category":0,"footnotes":""},"aioseo_notices":[],"_links":{"self":[{"href":"http:\/\/www.fasst.mx\/site\/wp-json\/wp\/v2\/pages\/9"}],"collection":[{"href":"http:\/\/www.fasst.mx\/site\/wp-json\/wp\/v2\/pages"}],"about":[{"href":"http:\/\/www.fasst.mx\/site\/wp-json\/wp\/v2\/types\/page"}],"author":[{"embeddable":true,"href":"http:\/\/www.fasst.mx\/site\/wp-json\/wp\/v2\/users\/1"}],"replies":[{"embeddable":true,"href":"http:\/\/www.fasst.mx\/site\/wp-json\/wp\/v2\/comments?post=9"}],"version-history":[{"count":21,"href":"http:\/\/www.fasst.mx\/site\/wp-json\/wp\/v2\/pages\/9\/revisions"}],"predecessor-version":[{"id":488,"href":"http:\/\/www.fasst.mx\/site\/wp-json\/wp\/v2\/pages\/9\/revisions\/488"}],"wp:attachment":[{"href":"http:\/\/www.fasst.mx\/site\/wp-json\/wp\/v2\/media?parent=9"}],"curies":[{"name":"wp","href":"https:\/\/api.w.org\/{rel}","templated":true}]}}